{"id":11,"date":"2024-10-03T08:42:36","date_gmt":"2024-10-03T08:42:36","guid":{"rendered":"https:\/\/x-stream-games.addonitsolutions.com\/?page_id=11"},"modified":"2024-11-12T14:38:54","modified_gmt":"2024-11-12T14:38:54","slug":"locations","status":"publish","type":"page","link":"https:\/\/x-stream-games.addonitsolutions.com\/sv\/locations\/","title":{"rendered":"Platser"},"content":{"rendered":"<div data-elementor-type=\"wp-page\" data-elementor-id=\"11\" class=\"elementor elementor-11\">\n\t\t\t\t<div class=\"elementor-element elementor-element-7bb4c68c e-flex e-con-boxed e-con e-parent\" data-id=\"7bb4c68c\" data-element_type=\"container\" data-settings=\"{&quot;background_background&quot;:&quot;classic&quot;}\">\n\t\t\t\t\t<div class=\"e-con-inner\">\n\t\t\t\t\t<\/div>\n\t\t\t\t<\/div>\n\t\t<div class=\"elementor-element elementor-element-219d5e65 e-con-full e-flex e-con e-child\" data-id=\"219d5e65\" data-element_type=\"container\">\n\t\t<div class=\"elementor-element elementor-element-5461850 e-flex e-con-boxed e-con e-child\" data-id=\"5461850\" data-element_type=\"container\">\n\t\t\t\t\t<div class=\"e-con-inner\">\n\t\t\t\t<div class=\"elementor-element elementor-element-1f971cf1 elementor-widget__width-auto elementor-widget elementor-widget-heading\" data-id=\"1f971cf1\" data-element_type=\"widget\" data-widget_type=\"heading.default\">\n\t\t\t\t<div class=\"elementor-widget-container\">\n\t\t\t<h5 class=\"elementor-heading-title elementor-size-default\">Platser<\/h5>\t\t<\/div>\n\t\t\t\t<\/div>\n\t\t\t\t<div class=\"elementor-element elementor-element-591a986d elementor-widget__width-initial elementor-widget-mobile__width-inherit elementor-widget-tablet__width-inherit elementor-widget elementor-widget-text-editor\" data-id=\"591a986d\" data-element_type=\"widget\" data-widget_type=\"text-editor.default\">\n\t\t\t\t<div class=\"elementor-widget-container\">\n\t\t\t\t\t\t\t<p><strong>X-Stream-Spel<\/strong> stolt serverar V\u00e4ster\u00e5s och n\u00e4rliggande omr\u00e5den, inklusive Eskilstuna, Enk\u00f6ping, och n\u00e4rliggande st\u00e4der. Om du befinner dig utanf\u00f6r detta omr\u00e5de eller har ett unikt l\u00e4ge i \u00e5tanke f\u00f6r ditt event, tveka inte att n\u00e5 ut! Vi \u00e4r mer \u00e4n glada att diskutera skr\u00e4ddarsydda paketresor och resor val f\u00f6r att f\u00e5 den ultimata spelupplevelsen till dig.<\/p>\t\t\t\t\t\t<\/div>\n\t\t\t\t<\/div>\n\t\t\t\t\t<\/div>\n\t\t\t\t<\/div>\n\t\t\t\t<\/div>\n\t\t<div class=\"elementor-element elementor-element-27a9b799 e-con-full well-turn-event-parent e-flex e-con e-parent\" data-id=\"27a9b799\" data-element_type=\"container\" id=\"location-comeing-soon-parent\">\n\t\t<div class=\"elementor-element elementor-element-bfa0c9 e-con-full well-turn-event-row e-flex e-con e-child\" data-id=\"bfa0c9\" data-element_type=\"container\">\n\t\t<div class=\"elementor-element elementor-element-74fc3aba e-con-full location-coming-son-right-col e-flex e-con e-child\" data-id=\"74fc3aba\" data-element_type=\"container\" data-settings=\"{&quot;background_background&quot;:&quot;classic&quot;}\">\n\t\t\t\t<div class=\"elementor-element elementor-element-1afcaca0 elementor-widget elementor-widget-heading\" data-id=\"1afcaca0\" data-element_type=\"widget\" data-widget_type=\"heading.default\">\n\t\t\t\t<div class=\"elementor-widget-container\">\n\t\t\t<h2 class=\"elementor-heading-title elementor-size-default\">Kommande <strong style=\"color:#92f21e\"> Snart<\/strong><\/h2>\t\t<\/div>\n\t\t\t\t<\/div>\n\t\t\t\t<div class=\"elementor-element elementor-element-4ff64db3 elementor-widget elementor-widget-text-editor\" data-id=\"4ff64db3\" data-element_type=\"widget\" data-widget_type=\"text-editor.default\">\n\t\t\t\t<div class=\"elementor-widget-container\">\n\t\t\t\t\t\t\t<p>Vi \u00e4r glada att kunna meddela att vi kommer att expandera till Stockholm och Uppsala snart. H\u00e5ll \u00f6gonen \u00f6ppna f\u00f6r uppdateringar som vi ge v\u00e5ra sp\u00e4nnande spel parterna att \u00e4nnu fler platser!<\/p>\t\t\t\t\t\t<\/div>\n\t\t\t\t<\/div>\n\t\t\t\t<div class=\"elementor-element elementor-element-4cbca38 elementor-widget elementor-widget-heading\" data-id=\"4cbca38\" data-element_type=\"widget\" data-widget_type=\"heading.default\">\n\t\t\t\t<div class=\"elementor-widget-container\">\n\t\t\t<h6 class=\"elementor-heading-title elementor-size-default\">Kontakta oss <\/h6>\t\t<\/div>\n\t\t\t\t<\/div>\n\t\t\t\t<div class=\"elementor-element elementor-element-1adbf1c elementor-position-left elementor-vertical-align-middle elementor-position-top elementor-widget-mobile__width-inherit elementor-widget elementor-widget-image-box\" data-id=\"1adbf1c\" data-element_type=\"widget\" data-widget_type=\"image-box.default\">\n\t\t\t\t<div class=\"elementor-widget-container\">\n\t\t\t<div class=\"elementor-image-box-wrapper\"><figure class=\"elementor-image-box-img\"><img decoding=\"async\" width=\"35\" height=\"36\" src=\"https:\/\/x-stream-games.addonitsolutions.com\/wp-content\/uploads\/2024\/11\/send-3-1.svg\" class=\"attachment-full size-full wp-image-3273\" alt=\"\" \/><\/figure><div class=\"elementor-image-box-content\"><h3 class=\"elementor-image-box-title\">Maila oss p\u00e5<\/h3><p class=\"elementor-image-box-description\"><a href=\"mailto:hej@xstreamgames.se\">hej@xstreamgames.se<\/a><\/p><\/div><\/div>\t\t<\/div>\n\t\t\t\t<\/div>\n\t\t\t\t<div class=\"elementor-element elementor-element-c894f6e elementor-position-left elementor-vertical-align-middle elementor-position-top elementor-widget-mobile__width-inherit elementor-widget elementor-widget-image-box\" data-id=\"c894f6e\" data-element_type=\"widget\" data-widget_type=\"image-box.default\">\n\t\t\t\t<div class=\"elementor-widget-container\">\n\t\t\t<div class=\"elementor-image-box-wrapper\"><figure class=\"elementor-image-box-img\"><img decoding=\"async\" width=\"35\" height=\"36\" src=\"https:\/\/x-stream-games.addonitsolutions.com\/wp-content\/uploads\/2024\/11\/Clip-path-group.svg\" class=\"attachment-full size-full wp-image-3271\" alt=\"\" \/><\/figure><div class=\"elementor-image-box-content\"><h3 class=\"elementor-image-box-title\">Ring oss p\u00e5<\/h3><p class=\"elementor-image-box-description\"><a href=\"tel:010-178 52 52\">010-178 52 52<\/a><\/p><\/div><\/div>\t\t<\/div>\n\t\t\t\t<\/div>\n\t\t\t\t<div class=\"elementor-element elementor-element-ed42c5c elementor-position-left elementor-vertical-align-middle elementor-position-top elementor-widget-mobile__width-inherit elementor-widget elementor-widget-image-box\" data-id=\"ed42c5c\" data-element_type=\"widget\" data-widget_type=\"image-box.default\">\n\t\t\t\t<div class=\"elementor-widget-container\">\n\t\t\t<div class=\"elementor-image-box-wrapper\"><figure class=\"elementor-image-box-img\"><img decoding=\"async\" width=\"35\" height=\"35\" src=\"https:\/\/x-stream-games.addonitsolutions.com\/wp-content\/uploads\/2024\/11\/map-pin-5-1.svg\" class=\"attachment-full size-full wp-image-3272\" alt=\"\" \/><\/figure><div class=\"elementor-image-box-content\"><h3 class=\"elementor-image-box-title\">Adress<\/h3><p class=\"elementor-image-box-description\">X-Stream-Spel AB, L\u00f6vhagsgatan 63, Nr 1101, 724 71 V\u00e4ster\u00e5s<\/p><\/div><\/div>\t\t<\/div>\n\t\t\t\t<\/div>\n\t\t\t\t<\/div>\n\t\t<div class=\"elementor-element elementor-element-7c43a1f9 e-con-full well-turn-event-right-col e-flex e-con e-child\" data-id=\"7c43a1f9\" data-element_type=\"container\">\n\t\t\t\t<div class=\"elementor-element elementor-element-1d95a50e elementor-widget elementor-widget-image\" data-id=\"1d95a50e\" data-element_type=\"widget\" data-widget_type=\"image.default\">\n\t\t\t\t<div class=\"elementor-widget-container\">\n\t\t\t\t\t\t\t\t\t\t\t\t\t<img loading=\"lazy\" decoding=\"async\" width=\"960\" height=\"781\" src=\"https:\/\/x-stream-games.addonitsolutions.com\/wp-content\/uploads\/2024\/10\/image-2024-10-25T044614.735.png\" class=\"attachment-full size-full wp-image-2250\" alt=\"\" srcset=\"https:\/\/x-stream-games.addonitsolutions.com\/wp-content\/uploads\/2024\/10\/image-2024-10-25T044614.735.png 960w, https:\/\/x-stream-games.addonitsolutions.com\/wp-content\/uploads\/2024\/10\/image-2024-10-25T044614.735-300x244.png 300w, https:\/\/x-stream-games.addonitsolutions.com\/wp-content\/uploads\/2024\/10\/image-2024-10-25T044614.735-768x625.png 768w, https:\/\/x-stream-games.addonitsolutions.com\/wp-content\/uploads\/2024\/10\/image-2024-10-25T044614.735-600x488.png 600w, https:\/\/x-stream-games.addonitsolutions.com\/wp-content\/uploads\/2024\/10\/image-2024-10-25T044614.735-553x450.png 553w\" sizes=\"(max-width: 960px) 100vw, 960px\" \/>\t\t\t\t\t\t\t\t\t\t\t\t\t<\/div>\n\t\t\t\t<\/div>\n\t\t\t\t<\/div>\n\t\t\t\t<\/div>\n\t\t\t\t<\/div>\n\t\t\t\t<\/div>","protected":false},"excerpt":{"rendered":"<p>Locations X-Stream Games proudly serves V\u00e4ster\u00e5s and the surrounding areas, including Eskilstuna, Enk\u00f6ping, and neighboring cities. If you&#8217;re located outside of this area or have a unique location in mind for your event, don\u2019t hesitate to reach out! We\u2019re more than happy to discuss customized packages and travel options to bring the ultimate gaming experience [&hellip;]<\/p>","protected":false},"author":1,"featured_media":0,"parent":0,"menu_order":0,"comment_status":"closed","ping_status":"closed","template":"elementor_header_footer","meta":{"inline_featured_image":false,"footnotes":""},"class_list":["post-11","page","type-page","status-publish","hentry"],"_links":{"self":[{"href":"https:\/\/x-stream-games.addonitsolutions.com\/sv\/wp-json\/wp\/v2\/pages\/11"}],"collection":[{"href":"https:\/\/x-stream-games.addonitsolutions.com\/sv\/wp-json\/wp\/v2\/pages"}],"about":[{"href":"https:\/\/x-stream-games.addonitsolutions.com\/sv\/wp-json\/wp\/v2\/types\/page"}],"author":[{"embeddable":true,"href":"https:\/\/x-stream-games.addonitsolutions.com\/sv\/wp-json\/wp\/v2\/users\/1"}],"replies":[{"embeddable":true,"href":"https:\/\/x-stream-games.addonitsolutions.com\/sv\/wp-json\/wp\/v2\/comments?post=11"}],"version-history":[{"count":73,"href":"https:\/\/x-stream-games.addonitsolutions.com\/sv\/wp-json\/wp\/v2\/pages\/11\/revisions"}],"predecessor-version":[{"id":3352,"href":"https:\/\/x-stream-games.addonitsolutions.com\/sv\/wp-json\/wp\/v2\/pages\/11\/revisions\/3352"}],"wp:attachment":[{"href":"https:\/\/x-stream-games.addonitsolutions.com\/sv\/wp-json\/wp\/v2\/media?parent=11"}],"curies":[{"name":"wp","href":"https:\/\/api.w.org\/{rel}","templated":true}]}}