{"id":1513,"date":"2024-10-23T09:18:07","date_gmt":"2024-10-23T09:18:07","guid":{"rendered":"https:\/\/x-stream-games.addonitsolutions.com\/?page_id=1513"},"modified":"2025-05-10T10:49:56","modified_gmt":"2025-05-10T10:49:56","slug":"about","status":"publish","type":"page","link":"https:\/\/x-stream-games.addonitsolutions.com\/sv\/about\/","title":{"rendered":"Om"},"content":{"rendered":"<div data-elementor-type=\"wp-page\" data-elementor-id=\"1513\" class=\"elementor elementor-1513\">\n\t\t\t\t<div class=\"elementor-element elementor-element-342c41b6 e-flex e-con-boxed e-con e-parent\" data-id=\"342c41b6\" data-element_type=\"container\" data-settings=\"{&quot;background_background&quot;:&quot;classic&quot;}\">\n\t\t\t\t\t<div class=\"e-con-inner\">\n\t\t\t\t\t<\/div>\n\t\t\t\t<\/div>\n\t\t<div class=\"elementor-element elementor-element-85f5271 e-flex e-con-boxed e-con e-parent\" data-id=\"85f5271\" data-element_type=\"container\">\n\t\t\t\t\t<div class=\"e-con-inner\">\n\t\t<div class=\"elementor-element elementor-element-115801e e-con-full e-flex e-con e-child\" data-id=\"115801e\" data-element_type=\"container\">\n\t\t\t\t<div class=\"elementor-element elementor-element-37065c9 elementor-widget elementor-widget-heading\" data-id=\"37065c9\" data-element_type=\"widget\" data-widget_type=\"heading.default\">\n\t\t\t\t<div class=\"elementor-widget-container\">\n\t\t\t<h2 class=\"elementor-heading-title elementor-size-default\">Om <strong style=\"color:#92f21e\">X-Stream-Spel<\/strong><\/h2>\t\t<\/div>\n\t\t\t\t<\/div>\n\t\t\t\t<div class=\"elementor-element elementor-element-093368b elementor-widget__width-initial elementor-widget-mobile__width-inherit elementor-widget elementor-widget-text-editor\" data-id=\"093368b\" data-element_type=\"widget\" data-widget_type=\"text-editor.default\">\n\t\t\t\t<div class=\"elementor-widget-container\">\n\t\t\t\t\t\t\t<p><strong>V\u00e4lkommen till X-Stream-Spel<\/strong>, d\u00e4r vi f\u00e5 den ultimata spelupplevelsen direkt till din d\u00f6rr! Vi \u00e4r specialiserade p\u00e5 pop-up spel parterna att f\u00f6rvandla ditt utrymme till en sp\u00e4nnande video game arena. Oavsett om det \u00e4r en f\u00f6delsedagsfest, en speciell h\u00e4ndelse, eller bara en rolig samling med v\u00e4nner, v\u00e5r inst\u00e4llning \u00e4r utformad f\u00f6r att g\u00f6ra varje \u00f6gonblick \u00e4r of\u00f6rgl\u00f6mliga.<\/p>\t\t\t\t\t\t<\/div>\n\t\t\t\t<\/div>\n\t\t\t\t<\/div>\n\t\t<div class=\"elementor-element elementor-element-3766304 e-con-full e-flex e-con e-child\" data-id=\"3766304\" data-element_type=\"container\">\n\t\t<div class=\"elementor-element elementor-element-fe48c76 e-con-full our-parties-left-col about-our-stroy-left-col e-flex e-con e-child\" data-id=\"fe48c76\" data-element_type=\"container\">\n\t\t<div class=\"elementor-element elementor-element-255b85c e-con-full e-flex e-con e-child\" data-id=\"255b85c\" data-element_type=\"container\">\n\t\t\t\t<div class=\"elementor-element elementor-element-bc9e809 elementor-widget elementor-widget-image\" data-id=\"bc9e809\" data-element_type=\"widget\" data-widget_type=\"image.default\">\n\t\t\t\t<div class=\"elementor-widget-container\">\n\t\t\t\t\t\t\t\t\t\t\t\t\t<img fetchpriority=\"high\" decoding=\"async\" width=\"502\" height=\"601\" src=\"https:\/\/x-stream-games.addonitsolutions.com\/wp-content\/uploads\/2024\/11\/image-2024-11-03T235328.024.png\" class=\"attachment-large size-large wp-image-2508\" alt=\"\" srcset=\"https:\/\/x-stream-games.addonitsolutions.com\/wp-content\/uploads\/2024\/11\/image-2024-11-03T235328.024.png 502w, https:\/\/x-stream-games.addonitsolutions.com\/wp-content\/uploads\/2024\/11\/image-2024-11-03T235328.024-251x300.png 251w, https:\/\/x-stream-games.addonitsolutions.com\/wp-content\/uploads\/2024\/11\/image-2024-11-03T235328.024-376x450.png 376w\" sizes=\"(max-width: 502px) 100vw, 502px\" \/>\t\t\t\t\t\t\t\t\t\t\t\t\t<\/div>\n\t\t\t\t<\/div>\n\t\t\t\t<\/div>\n\t\t<div class=\"elementor-element elementor-element-6454730 e-con-full e-flex e-con e-child\" data-id=\"6454730\" data-element_type=\"container\">\n\t\t\t\t<div class=\"elementor-element elementor-element-718faca elementor-widget-mobile__width-initial elementor-widget elementor-widget-image\" data-id=\"718faca\" data-element_type=\"widget\" data-widget_type=\"image.default\">\n\t\t\t\t<div class=\"elementor-widget-container\">\n\t\t\t\t\t\t\t\t\t\t\t\t\t<img decoding=\"async\" width=\"175\" height=\"219\" src=\"https:\/\/x-stream-games.addonitsolutions.com\/wp-content\/uploads\/2024\/11\/image-2024-11-03T235330.199.png\" class=\"attachment-large size-large wp-image-2507\" alt=\"\" \/>\t\t\t\t\t\t\t\t\t\t\t\t\t<\/div>\n\t\t\t\t<\/div>\n\t\t\t\t<div class=\"elementor-element elementor-element-10726aa elementor-widget-mobile__width-initial elementor-widget elementor-widget-image\" data-id=\"10726aa\" data-element_type=\"widget\" data-widget_type=\"image.default\">\n\t\t\t\t<div class=\"elementor-widget-container\">\n\t\t\t\t\t\t\t\t\t\t\t\t\t<img decoding=\"async\" width=\"255\" height=\"231\" src=\"https:\/\/x-stream-games.addonitsolutions.com\/wp-content\/uploads\/2024\/11\/image-2024-11-03T235332.614.png\" class=\"attachment-large size-large wp-image-2506\" alt=\"\" \/>\t\t\t\t\t\t\t\t\t\t\t\t\t<\/div>\n\t\t\t\t<\/div>\n\t\t\t\t<\/div>\n\t\t\t\t<\/div>\n\t\t<div class=\"elementor-element elementor-element-14e586f e-con-full about-our-stroy-right-col e-flex e-con e-child\" data-id=\"14e586f\" data-element_type=\"container\">\n\t\t\t\t<div class=\"elementor-element elementor-element-4fb3313 elementor-widget elementor-widget-heading\" data-id=\"4fb3313\" data-element_type=\"widget\" data-widget_type=\"heading.default\">\n\t\t\t\t<div class=\"elementor-widget-container\">\n\t\t\t<h2 class=\"elementor-heading-title elementor-size-default\">V\u00e5r Story<\/h2>\t\t<\/div>\n\t\t\t\t<\/div>\n\t\t\t\t<div class=\"elementor-element elementor-element-6fadae6 elementor-widget elementor-widget-text-editor\" data-id=\"6fadae6\" data-element_type=\"widget\" data-widget_type=\"text-editor.default\">\n\t\t\t\t<div class=\"elementor-widget-container\">\n\t\t\t\t\t\t\t<p>X-Stream-Spel grundades med ett enkelt m\u00e5l: att erbjuda ett nytt, interaktivt och roligt s\u00e4tt att spela tv-spel med v\u00e4nner och familj. Vi brinner f\u00f6r spel och \u00e4lskar hur det sammanf\u00f6r m\u00e4nniskor, s\u00e5 har vi skapat ett f\u00f6retag som s\u00e4tter spelarna f\u00f6rst. Med en m\u00e4ngd olika spel konsoler, VR, samt en rad multiplayer-spel, vi ser till att det finns n\u00e5got f\u00f6r alla \u2013 fr\u00e5n den rutinerade spelaren till dem som just har b\u00f6rjat.<\/p><p>Baserat i Sverige, vi \u00e4r stolta \u00f6ver att tj\u00e4na familjer och samh\u00e4llen genom att leverera h\u00f6gkvalitativa spelupplevelser som \u00e4r b\u00e5de uppslukande och bekv\u00e4m. Du beh\u00f6ver inte oroa dig besv\u00e4ret att resa eller s\u00e4tta upp \u2013 vi kommer till dig! V\u00e5r v\u00e4nliga hand om allt s\u00e5 att du kan fokusera p\u00e5 att ha kul.<\/p>\t\t\t\t\t\t<\/div>\n\t\t\t\t<\/div>\n\t\t\t\t<div class=\"elementor-element elementor-element-33eed291 elementor-widget elementor-widget-button\" data-id=\"33eed291\" data-element_type=\"widget\" data-widget_type=\"button.default\">\n\t\t\t\t<div class=\"elementor-widget-container\">\n\t\t\t\t\t<div class=\"elementor-button-wrapper\">\n\t\t\t<a class=\"elementor-button elementor-button-link elementor-size-sm\" href=\"https:\/\/x-stream-games.addonitsolutions.com\/sv\/shop\/\">\n\t\t\t\t\t\t<span class=\"elementor-button-content-wrapper\">\n\t\t\t\t\t\t<span class=\"elementor-button-icon\">\n\t\t\t\t<svg xmlns=\"http:\/\/www.w3.org\/2000\/svg\" width=\"20\" height=\"20\" viewbox=\"0 0 20 20\" fill=\"none\"><path d=\"M10 20C15.5228 20 20 15.5228 20 10C20 4.47715 15.5228 0 10 0C4.47715 0 0 4.47715 0 10C0 15.5228 4.47715 20 10 20Z\" fill=\"white\"><\/path><path d=\"M10 14L14 10L10 6\" stroke=\"black\" stroke-width=\"2\" stroke-linecap=\"round\" stroke-linejoin=\"round\"><\/path><path d=\"M6 10H14\" stroke=\"black\" stroke-width=\"2\" stroke-linecap=\"round\" stroke-linejoin=\"round\"><\/path><\/svg>\t\t\t<\/span>\n\t\t\t\t\t\t\t\t\t<span class=\"elementor-button-text\">Boka Nu<\/span>\n\t\t\t\t\t<\/span>\n\t\t\t\t\t<\/a>\n\t\t<\/div>\n\t\t\t\t<\/div>\n\t\t\t\t<\/div>\n\t\t\t\t<\/div>\n\t\t\t\t<\/div>\n\t\t\t\t\t<\/div>\n\t\t\t\t<\/div>\n\t\t<div class=\"elementor-element elementor-element-06c8c85 why-choose-stream-game-parent e-flex e-con-boxed e-con e-parent\" data-id=\"06c8c85\" data-element_type=\"container\" data-settings=\"{&quot;background_background&quot;:&quot;classic&quot;}\">\n\t\t\t\t\t<div class=\"e-con-inner\">\n\t\t<div class=\"elementor-element elementor-element-380d2f4 e-con-full most-popular-games-heading-row e-flex e-con e-child\" data-id=\"380d2f4\" data-element_type=\"container\">\n\t\t\t\t<div class=\"elementor-element elementor-element-42da3dc elementor-widget elementor-widget-heading\" data-id=\"42da3dc\" data-element_type=\"widget\" data-widget_type=\"heading.default\">\n\t\t\t\t<div class=\"elementor-widget-container\">\n\t\t\t<h2 class=\"elementor-heading-title elementor-size-default\">Varf\u00f6r V\u00e4lja  <strong style=\"color:#92f21e\">X-Stream-Spel?<\/strong><\/h2>\t\t<\/div>\n\t\t\t\t<\/div>\n\t\t\t\t<\/div>\n\t\t<div class=\"elementor-element elementor-element-f680615 e-con-full e-flex e-con e-child\" data-id=\"f680615\" data-element_type=\"container\">\n\t\t<div class=\"elementor-element elementor-element-f401c2a e-con-full e-flex e-con e-child\" data-id=\"f401c2a\" data-element_type=\"container\" data-settings=\"{&quot;background_background&quot;:&quot;classic&quot;}\">\n\t\t\t\t<div class=\"elementor-element elementor-element-20b3c53 elementor-widget elementor-widget-image\" data-id=\"20b3c53\" data-element_type=\"widget\" data-widget_type=\"image.default\">\n\t\t\t\t<div class=\"elementor-widget-container\">\n\t\t\t\t\t\t\t\t\t\t\t\t\t<img loading=\"lazy\" decoding=\"async\" width=\"81\" height=\"80\" src=\"https:\/\/x-stream-games.addonitsolutions.com\/wp-content\/uploads\/2024\/11\/fi_10974658-1-1.svg\" class=\"attachment-full size-full wp-image-3368\" alt=\"\" \/>\t\t\t\t\t\t\t\t\t\t\t\t\t<\/div>\n\t\t\t\t<\/div>\n\t\t\t\t<div class=\"elementor-element elementor-element-d3c7f35 elementor-widget elementor-widget-heading\" data-id=\"d3c7f35\" data-element_type=\"widget\" data-widget_type=\"heading.default\">\n\t\t\t\t<div class=\"elementor-widget-container\">\n\t\t\t<h2 class=\"elementor-heading-title elementor-size-default\">Kul f\u00f6r Alla \u00c5ldrar<\/h2>\t\t<\/div>\n\t\t\t\t<\/div>\n\t\t\t\t<div class=\"elementor-element elementor-element-45bcfd6 elementor-widget elementor-widget-text-editor\" data-id=\"45bcfd6\" data-element_type=\"widget\" data-widget_type=\"text-editor.default\">\n\t\t\t\t<div class=\"elementor-widget-container\">\n\t\t\t\t\t\t\t<p>Fr\u00e5n barn till vuxna, vi erbjuder spel som passar alla \u00e5ldrar och kunskapsniv\u00e5er.<\/p>\t\t\t\t\t\t<\/div>\n\t\t\t\t<\/div>\n\t\t\t\t<\/div>\n\t\t<div class=\"elementor-element elementor-element-2c9fa6c e-con-full e-flex e-con e-child\" data-id=\"2c9fa6c\" data-element_type=\"container\" data-settings=\"{&quot;background_background&quot;:&quot;classic&quot;}\">\n\t\t\t\t<div class=\"elementor-element elementor-element-2475ecd elementor-widget elementor-widget-image\" data-id=\"2475ecd\" data-element_type=\"widget\" data-widget_type=\"image.default\">\n\t\t\t\t<div class=\"elementor-widget-container\">\n\t\t\t\t\t\t\t\t\t\t\t\t\t<img loading=\"lazy\" decoding=\"async\" width=\"81\" height=\"80\" src=\"https:\/\/x-stream-games.addonitsolutions.com\/wp-content\/uploads\/2024\/11\/fi_3899414-1-1.svg\" class=\"attachment-full size-full wp-image-3369\" alt=\"\" \/>\t\t\t\t\t\t\t\t\t\t\t\t\t<\/div>\n\t\t\t\t<\/div>\n\t\t\t\t<div class=\"elementor-element elementor-element-33835c7 elementor-widget elementor-widget-heading\" data-id=\"33835c7\" data-element_type=\"widget\" data-widget_type=\"heading.default\">\n\t\t\t\t<div class=\"elementor-widget-container\">\n\t\t\t<h2 class=\"elementor-heading-title elementor-size-default\">Problemfri Installation<\/h2>\t\t<\/div>\n\t\t\t\t<\/div>\n\t\t\t\t<div class=\"elementor-element elementor-element-f5a709c elementor-widget elementor-widget-text-editor\" data-id=\"f5a709c\" data-element_type=\"widget\" data-widget_type=\"text-editor.default\">\n\t\t\t\t<div class=\"elementor-widget-container\">\n\t\t\t\t\t\t\t<p>Vi tar allt \u2013 konsoler, controllers, sk\u00e4rmar, och \u00e4ven sittplatser \u2013 f\u00f6r att skapa en perfekt gaming zone p\u00e5 din plats.<\/p>\t\t\t\t\t\t<\/div>\n\t\t\t\t<\/div>\n\t\t\t\t<\/div>\n\t\t<div class=\"elementor-element elementor-element-c08dfd8 e-con-full e-flex e-con e-child\" data-id=\"c08dfd8\" data-element_type=\"container\" data-settings=\"{&quot;background_background&quot;:&quot;classic&quot;}\">\n\t\t\t\t<div class=\"elementor-element elementor-element-c74b4ad elementor-widget elementor-widget-image\" data-id=\"c74b4ad\" data-element_type=\"widget\" data-widget_type=\"image.default\">\n\t\t\t\t<div class=\"elementor-widget-container\">\n\t\t\t\t\t\t\t\t\t\t\t\t\t<img loading=\"lazy\" decoding=\"async\" width=\"81\" height=\"80\" src=\"https:\/\/x-stream-games.addonitsolutions.com\/wp-content\/uploads\/2024\/11\/fi_3193524-1-1.svg\" class=\"attachment-full size-full wp-image-3370\" alt=\"\" \/>\t\t\t\t\t\t\t\t\t\t\t\t\t<\/div>\n\t\t\t\t<\/div>\n\t\t\t\t<div class=\"elementor-element elementor-element-f7f8fbf elementor-widget elementor-widget-heading\" data-id=\"f7f8fbf\" data-element_type=\"widget\" data-widget_type=\"heading.default\">\n\t\t\t\t<div class=\"elementor-widget-container\">\n\t\t\t<h2 class=\"elementor-heading-title elementor-size-default\">Egna Erfarenheter<\/h2>\t\t<\/div>\n\t\t\t\t<\/div>\n\t\t\t\t<div class=\"elementor-element elementor-element-2aee583 elementor-widget elementor-widget-text-editor\" data-id=\"2aee583\" data-element_type=\"widget\" data-widget_type=\"text-editor.default\">\n\t\t\t\t<div class=\"elementor-widget-container\">\n\t\t\t\t\t\t\t<p>Varje part \u00e4r olika, s\u00e5 vi skr\u00e4ddarsyr varje event f\u00f6r att m\u00f6ta dina specifika behov och erbjuder 90 och 120 minuters paket med alternativ f\u00f6r att rymma fler spelare.<\/p>\t\t\t\t\t\t<\/div>\n\t\t\t\t<\/div>\n\t\t\t\t<\/div>\n\t\t<div class=\"elementor-element elementor-element-42a8ba6 e-con-full e-flex e-con e-child\" data-id=\"42a8ba6\" data-element_type=\"container\" data-settings=\"{&quot;background_background&quot;:&quot;classic&quot;}\">\n\t\t\t\t<div class=\"elementor-element elementor-element-cb8f58a elementor-widget elementor-widget-image\" data-id=\"cb8f58a\" data-element_type=\"widget\" data-widget_type=\"image.default\">\n\t\t\t\t<div class=\"elementor-widget-container\">\n\t\t\t\t\t\t\t\t\t\t\t\t\t<img loading=\"lazy\" decoding=\"async\" width=\"81\" height=\"80\" src=\"https:\/\/x-stream-games.addonitsolutions.com\/wp-content\/uploads\/2024\/11\/fi_1067566-1-1.svg\" class=\"attachment-full size-full wp-image-3371\" alt=\"\" \/>\t\t\t\t\t\t\t\t\t\t\t\t\t<\/div>\n\t\t\t\t<\/div>\n\t\t\t\t<div class=\"elementor-element elementor-element-9932742 elementor-widget elementor-widget-heading\" data-id=\"9932742\" data-element_type=\"widget\" data-widget_type=\"heading.default\">\n\t\t\t\t<div class=\"elementor-widget-container\">\n\t\t\t<h2 class=\"elementor-heading-title elementor-size-default\">O\u00f6vertr\u00e4ffad Kundservice<\/h2>\t\t<\/div>\n\t\t\t\t<\/div>\n\t\t\t\t<div class=\"elementor-element elementor-element-2b2e72f elementor-widget elementor-widget-text-editor\" data-id=\"2b2e72f\" data-element_type=\"widget\" data-widget_type=\"text-editor.default\">\n\t\t\t\t<div class=\"elementor-widget-container\">\n\t\t\t\t\t\t\t<p>Din tillfredsst\u00e4llelse \u00e4r v\u00e5r prioritet. V\u00e5r v\u00e4nliga personal kommer att vara d\u00e4r varje steg p\u00e5 v\u00e4gen, fr\u00e5n bokning till den sista niv\u00e5n i spelet.<\/p>\t\t\t\t\t\t<\/div>\n\t\t\t\t<\/div>\n\t\t\t\t<\/div>\n\t\t\t\t<\/div>\n\t\t\t\t\t<\/div>\n\t\t\t\t<\/div>\n\t\t<div class=\"elementor-element elementor-element-3fdc5daa e-con-full well-turn-event-parent e-flex e-con e-parent\" data-id=\"3fdc5daa\" data-element_type=\"container\">\n\t\t<div class=\"elementor-element elementor-element-3fca3932 e-con-full well-turn-event-row e-flex e-con e-child\" data-id=\"3fca3932\" data-element_type=\"container\">\n\t\t<div class=\"elementor-element elementor-element-1e68187c e-con-full well-turn-event-left-col e-flex e-con e-child\" data-id=\"1e68187c\" data-element_type=\"container\" data-settings=\"{&quot;background_background&quot;:&quot;classic&quot;}\">\n\t\t\t\t<div class=\"elementor-element elementor-element-74fdab6e elementor-widget elementor-widget-heading\" data-id=\"74fdab6e\" data-element_type=\"widget\" data-widget_type=\"heading.default\">\n\t\t\t\t<div class=\"elementor-widget-container\">\n\t\t\t<h2 class=\"elementor-heading-title elementor-size-default\">Vad  <strong style=\"color:#92f21e\">Vi Erbjuder<\/strong><\/h2>\t\t<\/div>\n\t\t\t\t<\/div>\n\t\t\t\t<div class=\"elementor-element elementor-element-230678bf elementor-widget elementor-widget-text-editor\" data-id=\"230678bf\" data-element_type=\"widget\" data-widget_type=\"text-editor.default\">\n\t\t\t\t<div class=\"elementor-widget-container\">\n\t\t\t\t\t\t\t<p>V\u00e5ra vanliga party-paketet inneh\u00e5ller<\/p>\t\t\t\t\t\t<\/div>\n\t\t\t\t<\/div>\n\t\t\t\t<div class=\"elementor-element elementor-element-d0bebe8 ulli-basic-plan-col li elementor-widget elementor-widget-text-editor\" data-id=\"d0bebe8\" data-element_type=\"widget\" data-widget_type=\"text-editor.default\">\n\t\t\t\t<div class=\"elementor-widget-container\">\n\t\t\t\t\t\t\t<ul><li>1,5 timmar av intensivt spel tid<\/li><li>Flera spelkonsoler och controllers<\/li><li>Fyra 1080p gaming sk\u00e4rmar<\/li><li>En VR-headsetet f\u00f6r en uppslukande upplevelse<\/li><li>Sk\u00f6na b\u00f6nor p\u00e5sar och ett speciellt ljus-up gaming stol<\/li><li>En personlig T-shirt f\u00f6r hedersg\u00e4st<\/li><\/ul>\t\t\t\t\t\t<\/div>\n\t\t\t\t<\/div>\n\t\t\t\t<div class=\"elementor-element elementor-element-9fe39f3 elementor-widget elementor-widget-text-editor\" data-id=\"9fe39f3\" data-element_type=\"widget\" data-widget_type=\"text-editor.default\">\n\t\t\t\t<div class=\"elementor-widget-container\">\n\t\t\t\t\t\t\t<p>Som vi forts\u00e4tter att v\u00e4xa, har vi som m\u00e5l att ut\u00f6ka v\u00e5rt utbud och ge \u00e4nnu mer sp\u00e4nnande spel alternativ f\u00f6r ditt speciella evenemang. P\u00e5 X-Stream-Spel, det handlar inte bara om att spela \u2013 det handlar om att skapa minnen som varar en livstid!<\/p>\t\t\t\t\t\t<\/div>\n\t\t\t\t<\/div>\n\t\t\t\t<\/div>\n\t\t<div class=\"elementor-element elementor-element-60d54770 e-con-full well-turn-event-right-col e-flex e-con e-child\" data-id=\"60d54770\" data-element_type=\"container\">\n\t\t\t\t<div class=\"elementor-element elementor-element-26c0f609 elementor-widget elementor-widget-image\" data-id=\"26c0f609\" data-element_type=\"widget\" data-widget_type=\"image.default\">\n\t\t\t\t<div class=\"elementor-widget-container\">\n\t\t\t\t\t\t\t\t\t\t\t\t\t<img loading=\"lazy\" decoding=\"async\" width=\"960\" height=\"705\" src=\"https:\/\/x-stream-games.addonitsolutions.com\/wp-content\/uploads\/2024\/11\/image-2024-11-04T005400.280.png\" class=\"attachment-full size-full wp-image-2563\" alt=\"\" srcset=\"https:\/\/x-stream-games.addonitsolutions.com\/wp-content\/uploads\/2024\/11\/image-2024-11-04T005400.280.png 960w, https:\/\/x-stream-games.addonitsolutions.com\/wp-content\/uploads\/2024\/11\/image-2024-11-04T005400.280-300x220.png 300w, https:\/\/x-stream-games.addonitsolutions.com\/wp-content\/uploads\/2024\/11\/image-2024-11-04T005400.280-768x564.png 768w, https:\/\/x-stream-games.addonitsolutions.com\/wp-content\/uploads\/2024\/11\/image-2024-11-04T005400.280-600x441.png 600w\" sizes=\"(max-width: 960px) 100vw, 960px\" \/>\t\t\t\t\t\t\t\t\t\t\t\t\t<\/div>\n\t\t\t\t<\/div>\n\t\t\t\t<\/div>\n\t\t\t\t<\/div>\n\t\t\t\t<\/div>\n\t\t\t\t<\/div>","protected":false},"excerpt":{"rendered":"<p>About X-Stream Games Welcome to X-Stream Games, where we bring the ultimate gaming experience right to your doorstep! We specialize in pop-up gaming parties that transform your space into an exciting video game arena. Whether it\u2019s a birthday party, a special event, or just a fun gathering with friends, our setup is designed to make [&hellip;]<\/p>","protected":false},"author":1,"featured_media":0,"parent":0,"menu_order":0,"comment_status":"closed","ping_status":"closed","template":"elementor_header_footer","meta":{"inline_featured_image":false,"footnotes":""},"class_list":["post-1513","page","type-page","status-publish","hentry"],"_links":{"self":[{"href":"https:\/\/x-stream-games.addonitsolutions.com\/sv\/wp-json\/wp\/v2\/pages\/1513"}],"collection":[{"href":"https:\/\/x-stream-games.addonitsolutions.com\/sv\/wp-json\/wp\/v2\/pages"}],"about":[{"href":"https:\/\/x-stream-games.addonitsolutions.com\/sv\/wp-json\/wp\/v2\/types\/page"}],"author":[{"embeddable":true,"href":"https:\/\/x-stream-games.addonitsolutions.com\/sv\/wp-json\/wp\/v2\/users\/1"}],"replies":[{"embeddable":true,"href":"https:\/\/x-stream-games.addonitsolutions.com\/sv\/wp-json\/wp\/v2\/comments?post=1513"}],"version-history":[{"count":115,"href":"https:\/\/x-stream-games.addonitsolutions.com\/sv\/wp-json\/wp\/v2\/pages\/1513\/revisions"}],"predecessor-version":[{"id":3738,"href":"https:\/\/x-stream-games.addonitsolutions.com\/sv\/wp-json\/wp\/v2\/pages\/1513\/revisions\/3738"}],"wp:attachment":[{"href":"https:\/\/x-stream-games.addonitsolutions.com\/sv\/wp-json\/wp\/v2\/media?parent=1513"}],"curies":[{"name":"wp","href":"https:\/\/api.w.org\/{rel}","templated":true}]}}