{"id":2840,"date":"2024-11-05T11:28:37","date_gmt":"2024-11-05T11:28:37","guid":{"rendered":"https:\/\/x-stream-games.addonitsolutions.com\/?page_id=2840"},"modified":"2025-05-10T08:25:05","modified_gmt":"2025-05-10T08:25:05","slug":"terms-and-conditions","status":"publish","type":"page","link":"https:\/\/x-stream-games.addonitsolutions.com\/sv\/terms-and-conditions\/","title":{"rendered":"Regler och Villkor"},"content":{"rendered":"<div data-elementor-type=\"wp-page\" data-elementor-id=\"2840\" class=\"elementor elementor-2840\">\n\t\t\t\t<div class=\"elementor-element elementor-element-5fe1dd59 e-flex e-con-boxed e-con e-child\" data-id=\"5fe1dd59\" data-element_type=\"container\">\n\t\t\t\t\t<div class=\"e-con-inner\">\n\t\t\t\t<div class=\"elementor-element elementor-element-7f2530fb elementor-widget__width-auto elementor-widget elementor-widget-heading\" data-id=\"7f2530fb\" data-element_type=\"widget\" data-widget_type=\"heading.default\">\n\t\t\t\t<div class=\"elementor-widget-container\">\n\t\t\t<h2 class=\"elementor-heading-title elementor-size-default\">Terms and Conditions of  <strong style=\"color:#92f21e\">Purchase for X-Stream Games AB<\/strong><\/h2>\t\t<\/div>\n\t\t\t\t<\/div>\n\t\t\t\t<div class=\"elementor-element elementor-element-621010d2 elementor-widget-mobile__width-inherit elementor-widget-tablet__width-inherit elementor-widget elementor-widget-text-editor\" data-id=\"621010d2\" data-element_type=\"widget\" data-widget_type=\"text-editor.default\">\n\t\t\t\t<div class=\"elementor-widget-container\">\n\t\t\t\t\t\t\t<p><strong>1. General Information<\/strong>\u00a0Welcome to X-Stream Games AB! By using our services, you agree to the following terms and conditions. These terms apply to all purchases and reservations made through our website.<\/p><p><strong>2. Right of Withdrawal<\/strong>\u00a0In accordance with Swedish e-commerce law, customers have the right to withdraw from a purchase within 14 days of receiving their order. This cooling-off period allows you to cancel your order for any reason without incurring penalties.<\/p><p><strong>2.1 Exceptions to the Right of Withdrawal<\/strong>\u00a0The right of withdrawal does not apply to services that have already been performed in full or for customized products specifically made for the customer.<\/p><p><strong>3. How to Withdraw from a Purchase<\/strong>\u00a0To withdraw from a purchase:<\/p><ul><li>Contact our customer service team at\u00a0<a rel=\"noopener\">hej@xstreamgames.se<\/a>.<\/li><li>Clearly state your order number and intention to withdraw.<\/li><li>Ensure the notification is sent within the 14-day withdrawal period.<\/li><\/ul><p>After informing us of your withdrawal, any payments made will be refunded within 14 days from the day we are notified, using the same payment method as the original transaction unless otherwise agreed.<\/p><p><strong>4. Returns and Complaints<\/strong>\u00a0If you wish to return an item or lodge a complaint:<\/p><ul><li>Contact our customer service at\u00a0<a rel=\"noopener\">hej@xstreamgames.se<\/a>\u00a0or call us at 010-178 52 52 within 14 days of receiving the product or after the date of the event.<\/li><li>Provide your order number and details of the product\/service in question.<\/li><li>Return the product in its original condition, including all packaging and accessories, to X-Stream Games AB, L\u00f6vhagsgatan 63, No. 1101, 724 71 V\u00e4ster\u00e5s.<\/li><\/ul><p><strong>4.1 Processing Returns<\/strong>\u00a0Once we receive the returned product, we will inspect it and notify you of the approval or rejection of your refund. If approved, a refund will be processed, and a credit will be automatically applied to your original payment method within 14 days.<\/p><p><strong>4.2 Complaints Procedure<\/strong>\u00a0For complaints related to services provided:<\/p><ul><li>Describe the issue in detail, including what went wrong and when it occurred.<\/li><li>Our customer service team will respond within 7 working days and guide you through any further actions needed.<\/li><li>If the complaint is validated, we will rectify the issue or offer a refund, depending on the circumstances.<\/li><\/ul><p><strong>5. Contact Information<\/strong>\u00a0For any questions regarding our terms and conditions, please contact:<\/p><ul><li>Email:\u00a0<a rel=\"noopener\">hej@xstreamgames.se<\/a><\/li><li>Phone: 010-178 52 52<\/li><li>Address: X-Stream Games AB, L\u00f6vhagsgatan 63, No. 1101, 724 71 V\u00e4ster\u00e5s<\/li><\/ul><p>We hope you enjoy your experience with X-Stream Games AB and look forward to providing you with great service!<\/p>\t\t\t\t\t\t<\/div>\n\t\t\t\t<\/div>\n\t\t\t\t\t<\/div>\n\t\t\t\t<\/div>\n\t\t\t\t<\/div>","protected":false},"excerpt":{"rendered":"<p>Terms and Conditions of Purchase for X-Stream Games AB 1. General Information\u00a0Welcome to X-Stream Games AB! By using our services, you agree to the following terms and conditions. These terms apply to all purchases and reservations made through our website. 2. Right of Withdrawal\u00a0In accordance with Swedish e-commerce law, customers have the right to withdraw [&hellip;]<\/p>","protected":false},"author":1,"featured_media":0,"parent":0,"menu_order":0,"comment_status":"closed","ping_status":"closed","template":"elementor_header_footer","meta":{"inline_featured_image":false,"footnotes":""},"class_list":["post-2840","page","type-page","status-publish","hentry"],"_links":{"self":[{"href":"https:\/\/x-stream-games.addonitsolutions.com\/sv\/wp-json\/wp\/v2\/pages\/2840"}],"collection":[{"href":"https:\/\/x-stream-games.addonitsolutions.com\/sv\/wp-json\/wp\/v2\/pages"}],"about":[{"href":"https:\/\/x-stream-games.addonitsolutions.com\/sv\/wp-json\/wp\/v2\/types\/page"}],"author":[{"embeddable":true,"href":"https:\/\/x-stream-games.addonitsolutions.com\/sv\/wp-json\/wp\/v2\/users\/1"}],"replies":[{"embeddable":true,"href":"https:\/\/x-stream-games.addonitsolutions.com\/sv\/wp-json\/wp\/v2\/comments?post=2840"}],"version-history":[{"count":19,"href":"https:\/\/x-stream-games.addonitsolutions.com\/sv\/wp-json\/wp\/v2\/pages\/2840\/revisions"}],"predecessor-version":[{"id":3732,"href":"https:\/\/x-stream-games.addonitsolutions.com\/sv\/wp-json\/wp\/v2\/pages\/2840\/revisions\/3732"}],"wp:attachment":[{"href":"https:\/\/x-stream-games.addonitsolutions.com\/sv\/wp-json\/wp\/v2\/media?parent=2840"}],"curies":[{"name":"wp","href":"https:\/\/api.w.org\/{rel}","templated":true}]}}