{"id":3113,"date":"2024-11-11T09:12:52","date_gmt":"2024-11-11T09:12:52","guid":{"rendered":"https:\/\/x-stream-games.addonitsolutions.com\/?post_type=product&#038;p=3113"},"modified":"2024-11-11T09:53:14","modified_gmt":"2024-11-11T09:53:14","slug":"the-x-stream-gaming-party-up-to-20-guests","status":"publish","type":"product","link":"https:\/\/x-stream-games.addonitsolutions.com\/sv\/produkt\/the-x-stream-gaming-party-up-to-20-guests\/","title":{"rendered":"X-Stream-Spel Party \u2013 Upp till 20 G\u00e4ster"},"content":{"rendered":"<p>Vad Ing\u00e5r:<\/p>\n<ul>\n<li>Spelkonsoler och styrenheter f\u00f6r upp till 20 spelare<\/li>\n<li>2x 60-tums gaming storbildssk\u00e4rmar<\/li>\n<li>4x H\u00f6g-kvalitet 1080p gaming sk\u00e4rmar<\/li>\n<li>Virtuell Verklighet (VR) headset<\/li>\n<li>Sk\u00f6na b\u00f6nor p\u00e5sar<\/li>\n<\/ul>\n<p>\ud83c\udfae Bonus: Light-up gaming stol och en personlig T-shirt f\u00f6r hedersg\u00e4st!<\/p>","protected":false},"excerpt":{"rendered":"<p>Varaktighet: 1 timme 30 minuter<\/p>","protected":false},"featured_media":2136,"template":"","meta":{"inline_featured_image":false},"product_brand":[],"product_cat":[24],"product_tag":[],"mwb_booking_cost":[],"mwb_booking_service":[25,31,26,30],"class_list":{"0":"post-3113","1":"product","2":"type-product","3":"status-publish","4":"has-post-thumbnail","6":"product_cat-booking","7":"mwb_booking_service-all-weather-pop-up-gaming-tent","8":"mwb_booking_service-extra-30-minutes-of-gaming","9":"mwb_booking_service-head-to-head-racing-station-complete-with-2-racing-chairs","10":"mwb_booking_service-oculus-quest-virtual-reality-upgrade-to-the-top-of-the-line-vr-system","12":"first","13":"instock","14":"virtual","15":"purchasable","16":"product-type-mwb_booking"},"_links":{"self":[{"href":"https:\/\/x-stream-games.addonitsolutions.com\/sv\/wp-json\/wp\/v2\/product\/3113"}],"collection":[{"href":"https:\/\/x-stream-games.addonitsolutions.com\/sv\/wp-json\/wp\/v2\/product"}],"about":[{"href":"https:\/\/x-stream-games.addonitsolutions.com\/sv\/wp-json\/wp\/v2\/types\/product"}],"wp:featuredmedia":[{"embeddable":true,"href":"https:\/\/x-stream-games.addonitsolutions.com\/sv\/wp-json\/wp\/v2\/media\/2136"}],"wp:attachment":[{"href":"https:\/\/x-stream-games.addonitsolutions.com\/sv\/wp-json\/wp\/v2\/media?parent=3113"}],"wp:term":[{"taxonomy":"product_brand","embeddable":true,"href":"https:\/\/x-stream-games.addonitsolutions.com\/sv\/wp-json\/wp\/v2\/product_brand?post=3113"},{"taxonomy":"product_cat","embeddable":true,"href":"https:\/\/x-stream-games.addonitsolutions.com\/sv\/wp-json\/wp\/v2\/product_cat?post=3113"},{"taxonomy":"product_tag","embeddable":true,"href":"https:\/\/x-stream-games.addonitsolutions.com\/sv\/wp-json\/wp\/v2\/product_tag?post=3113"},{"taxonomy":"mwb_booking_cost","embeddable":true,"href":"https:\/\/x-stream-games.addonitsolutions.com\/sv\/wp-json\/wp\/v2\/mwb_booking_cost?post=3113"},{"taxonomy":"mwb_booking_service","embeddable":true,"href":"https:\/\/x-stream-games.addonitsolutions.com\/sv\/wp-json\/wp\/v2\/mwb_booking_service?post=3113"}],"curies":[{"name":"wp","href":"https:\/\/api.w.org\/{rel}","templated":true}]}}